{"id":233,"date":"2019-04-26T07:45:11","date_gmt":"2019-04-26T07:45:11","guid":{"rendered":"https:\/\/aneuenca.cat\/?page_id=233"},"modified":"2021-02-26T09:34:35","modified_gmt":"2021-02-26T09:34:35","slug":"politica-de-privacidad","status":"publish","type":"page","link":"https:\/\/aneuenca.cat\/es\/politica-de-privacidad\/","title":{"rendered":"Pol\u00edtica de Privacidad"},"content":{"rendered":"<p class=\"p1\">Informaci\u00f3n sobre Protecci\u00f3n de Datos<\/p>\r\n\r\n<ol class=\"ol1\">\r\n \t<li class=\"li3\"><b>Datos relativos al Responsable<\/b><\/li>\r\n<\/ol>\r\n<p class=\"p3\"><b>Responsable Tratamiento<\/b>\r\n&#8211; Entidad: ANTONIO SOLE CASES\r\n&#8211; CIF de la entidad: 78072002C\r\n&#8211; Direcci\u00f3n de la entidad: AVENIDA JOAQUIM MORELL\u00f3 14 &#8211; (25580) ESTERRI D&#8217;ANEU\r\n&#8211; Email de la entidad: HOLA@ANEUENCA.CAT\r\n&#8211; Responsable del tratamiento: MONTSERRAT MATO RAMA\r\n&#8211; Tel\u00e9fono del Responsable del tratamiento: 973626730\r\n&#8211; Direcci\u00f3n email del Responsable del tratamiento: HOLA@ANEUENCA.CAT<\/p>\r\n\r\n<ol class=\"ol1\">\r\n \t<li class=\"li3\"><b>Finalidades<\/b><\/li>\r\n<\/ol>\r\n<p class=\"p3\">En cumplimiento de lo dispuesto en el Reglamento Europeo 2016\/679 General de Protecci\u00f3n de Datos y la Ley Org\u00e1nica 3\/2018 de Protecci\u00f3n de Datos Personales y Garant\u00eda de Derechos Digitales, le informamos de que, seg\u00fan la relaci\u00f3n que tenga con nosotros, en\u00a0<b>ANTONIO SOLE CASES<\/b>\u00a0tratamos los datos que nos facilitan para alguna, o todas, las siguientes finalidades:<\/p>\r\n\r\n<ol class=\"ol1\">\r\n \t<li style=\"list-style-type: none;\">\r\n<ul class=\"ul1\">\r\n \t<li class=\"li3\">Prestarles un servicio<\/li>\r\n<\/ul>\r\n<\/li>\r\n<\/ol>\r\n<ol class=\"ol1\">\r\n \t<li class=\"li3\"><b>Plazo de conservaci\u00f3n de los datos<\/b><\/li>\r\n<\/ol>\r\n<p class=\"p3\">Sus datos ser\u00e1n conservados mientras dure la relaci\u00f3n contractual, comercial o de otro tipo con nuestra entidad, solicite supresi\u00f3n, as\u00ed como el tiempo necesario para cumplir las obligaciones legales.<\/p>\r\n\r\n<ol class=\"ol1\">\r\n \t<li class=\"li3\"><b>Legitimaci\u00f3n<\/b><\/li>\r\n<\/ol>\r\n<p class=\"p3\">La base legal para el tratamiento de tus datos radica por:<\/p>\r\n\r\n<ol class=\"ol1\">\r\n \t<li style=\"list-style-type: none;\">\r\n<ul class=\"ul1\">\r\n \t<li class=\"li3\">Consentimiento inequ\u00edvoco<\/li>\r\n<\/ul>\r\n<\/li>\r\n<\/ol>\r\n<ol class=\"ol1\">\r\n \t<li class=\"li3\"><b>Destinatarios<\/b><\/li>\r\n<\/ol>\r\n<p class=\"p3\">Sus datos personales ser\u00e1n comunicados a terceros en los siguientes supuestos:<\/p>\r\n\r\n<ol class=\"ol1\">\r\n \t<li style=\"list-style-type: none;\">\r\n<ul class=\"ul1\">\r\n \t<li class=\"li3\">Entidades de publicidad y marketing<\/li>\r\n<\/ul>\r\n<\/li>\r\n<\/ol>\r\n<ol class=\"ol1\">\r\n \t<li class=\"li3\"><b>Derechos<\/b><\/li>\r\n<\/ol>\r\n<p class=\"p3\">Tiene derecho a obtener confirmaci\u00f3n sobre si en\u00a0<b>ANTONIO SOLE CASES<\/b>\u00a0Estamos tratando datos personales que le conciernan, o no.<\/p>\r\n<p class=\"p3\">Asimismo, tiene derecho de acceso a sus datos personales, as\u00ed como solicitar la\u00a0rectificaci\u00f3n\u00a0de los datos inexactos o, en su caso, solicitar su\u00a0supresi\u00f3n\u00a0cuando, entre otros motivos, los datos y no sean necesarios para los fines que fueron recogidos.<\/p>\r\n<p class=\"p3\">En determinadas circunstancias, podr\u00e1 solicitar la\u00a0limitaci\u00f3n del tratamiento\u00a0de sus datos, en cuyo caso \u00fanicamente los conservaremos para el ejercicio o la reclamaciones.<\/p>\r\n<p class=\"p3\">Adem\u00e1s, en determinadas circunstancias y por motivos relacionados con tu situaci\u00f3n particular, podr\u00e1 ejercer el derecho de\u00a0oposici\u00f3n\u00a0al tratamiento de sus datos.\u00a0<b>ANTONIO SOLE CASES<\/b>\u00a0dejar\u00e1 de tratar los datos, salvo por motivos leg\u00edtimos imperiosos, o el ejercicio o la defensa de posibles reclamaciones.<\/p>\r\n<p class=\"p3\">Asimismo, puede ejercer el derecho a la\u00a0portabilidad\u00a0de los datos, as\u00ed como retirar los consentimientos facilitados en cualquier momento, sin que ello afecte a la licitud del tratamiento basado en el consentimiento previo a su retirada.<\/p>\r\n<p class=\"p3\">Si desea hacer uso de cualquiera de tus derechos puede realizarlos a trav\u00e9s de los enlaces habilitados que encontrar\u00e1 a continuaci\u00f3n:<\/p>\r\n\r\n<ol class=\"ol1\">\r\n \t<li style=\"list-style-type: none;\">\r\n<ul class=\"ul1\">\r\n \t<li class=\"li3\">Para ejercer su derecho de\u00a0<b>Acceso<\/b>\u00a0haga clic\u00a0<a href=\"https:\/\/intranet.milopd.com\/webApp\/clientes_derechos\/derechos-formulario.php?id_cliente=SEdkOCs4ckNxYk1UTjNTYUZIUGZVQT09\"><span class=\"s2\">aqu\u00ed<\/span><\/a><\/li>\r\n \t<li class=\"li3\">Para ejercer su derecho de\u00a0<b>rectificaci\u00f3n<\/b>\u00a0haga clic\u00a0<a href=\"https:\/\/intranet.milopd.com\/webApp\/clientes_derechos\/derechos-formulario.php?id_cliente=SEdkOCs4ckNxYk1UTjNTYUZIUGZVQT09\"><span class=\"s2\">aqu\u00ed<\/span><\/a><\/li>\r\n \t<li class=\"li3\">Para ejercer su derecho de\u00a0<b>Supresi\u00f3n (Olvido)<\/b>\u00a0haga clic\u00a0<a href=\"https:\/\/intranet.milopd.com\/webApp\/clientes_derechos\/derechos-formulario.php?id_cliente=SEdkOCs4ckNxYk1UTjNTYUZIUGZVQT09\"><span class=\"s2\">aqu\u00ed<\/span><\/a><\/li>\r\n \t<li class=\"li3\">Para ejercer su derecho de\u00a0<b>Limitaci\u00f3n del Tratamiento<\/b>\u00a0haga clic\u00a0<a href=\"https:\/\/intranet.milopd.com\/webApp\/clientes_derechos\/derechos-formulario.php?id_cliente=SEdkOCs4ckNxYk1UTjNTYUZIUGZVQT09\"><span class=\"s2\">aqu\u00ed<\/span><\/a><\/li>\r\n \t<li class=\"li3\">Para ejercer su derecho de\u00a0<b>Oposici\u00f3n<\/b>\u00a0haga clic\u00a0<a href=\"https:\/\/intranet.milopd.com\/webApp\/clientes_derechos\/derechos-formulario.php?id_cliente=SEdkOCs4ckNxYk1UTjNTYUZIUGZVQT09\"><span class=\"s2\">aqu\u00ed<\/span><\/a><\/li>\r\n \t<li class=\"li3\">Para ejercer su derecho de\u00a0<b>Portabilidad<\/b>\u00a0haga clic\u00a0<a href=\"https:\/\/intranet.milopd.com\/webApp\/clientes_derechos\/derechos-formulario.php?id_cliente=SEdkOCs4ckNxYk1UTjNTYUZIUGZVQT09\"><span class=\"s2\">aqu\u00ed<\/span><\/a><\/li>\r\n<\/ul>\r\n<\/li>\r\n<\/ol>\r\n<p class=\"p3\">Alternativamente, tambi\u00e9n puede dirigirse a nosotros mediante correo postal a la siguiente direcci\u00f3n:\u00a0<b>AVENIDA JOAQUIM MORELL\u00f3 14 &#8211; (25580) ESTERRI D&#8217;ANEU<\/b>\u00a0adjuntado una fotocopia del DNI, para la certeza de su identidad.\u00a0Recuerde facilitar la mayor informaci\u00f3n posible sobre su solicitud: Nombre y apellidos, direcci\u00f3n de correo electr\u00f3nico que utiliza para la cuenta o portal objeto de tu solicitud.<\/p>\r\n<p class=\"p3\">Por \u00faltimo, le informamos que puede dirigirse ante la Agencia Espa\u00f1ola de Protecci\u00f3n de Datos y dem\u00e1s organismos p\u00fablicos competentes para cualquier reclamaci\u00f3n derivada del tratamiento de tus datos personales.<\/p>\r\n\r\n<ol class=\"ol1\">\r\n \t<li class=\"li3\"><b>Pol\u00edtica de cookies<\/b><\/li>\r\n<\/ol>\r\n<p class=\"p3\">Para conocer las cookies que utilizamos en nuestra p\u00e1gina, recuerde que puede acceder a nuestra Pol\u00edtica de Cookies a trav\u00e9s del siguiente enlace\u00a0<a href=\"https:\/\/intranet.milopd.com\/politicaCookies\/index.php?sid=SEdkOCs4ckNxYk1UTjNTYUZIUGZVQT09\"><span class=\"s2\">pol\u00edtica de cookies<\/span><\/a>\u00a0.<\/p>","protected":false},"excerpt":{"rendered":"<p>Informaci\u00f3n sobre Protecci\u00f3n de Datos Datos relativos al Responsable Responsable Tratamiento &#8211; Entidad: ANTONIO SOLE CASES &#8211; CIF de la entidad: 78072002C &#8211; Direcci\u00f3n de la entidad: AVENIDA JOAQUIM MORELL\u00f3 14 &#8211; (25580) ESTERRI D&#8217;ANEU &#8211; Email de la entidad: HOLA@ANEUENCA.CAT &#8211; Responsable del tratamiento: MONTSERRAT MATO RAMA &#8211; Tel\u00e9fono del Responsable del tratamiento: 973626730 [&hellip;]<\/p>\n","protected":false},"author":3,"featured_media":0,"parent":0,"menu_order":0,"comment_status":"closed","ping_status":"closed","template":"","meta":{"footnotes":""},"class_list":["post-233","page","type-page","status-publish","hentry"],"yoast_head":"<!-- This site is optimized with the Yoast SEO plugin v26.8 - https:\/\/yoast.com\/product\/yoast-seo-wordpress\/ -->\n<title>Pol\u00edtica de Privacidad - Aneuenca<\/title>\n<meta name=\"robots\" content=\"index, follow, max-snippet:-1, max-image-preview:large, max-video-preview:-1\" \/>\n<link rel=\"canonical\" href=\"https:\/\/aneuenca.cat\/es\/politica-de-privacidad\/\" \/>\n<meta property=\"og:locale\" content=\"es_ES\" \/>\n<meta property=\"og:type\" content=\"article\" \/>\n<meta property=\"og:title\" content=\"Pol\u00edtica de Privacidad - Aneuenca\" \/>\n<meta property=\"og:description\" content=\"Informaci\u00f3n sobre Protecci\u00f3n de Datos Datos relativos al Responsable Responsable Tratamiento &#8211; Entidad: ANTONIO SOLE CASES &#8211; CIF de la entidad: 78072002C &#8211; Direcci\u00f3n de la entidad: AVENIDA JOAQUIM MORELL\u00f3 14 &#8211; (25580) ESTERRI D&#8217;ANEU &#8211; Email de la entidad: HOLA@ANEUENCA.CAT &#8211; Responsable del tratamiento: MONTSERRAT MATO RAMA &#8211; Tel\u00e9fono del Responsable del tratamiento: 973626730 [&hellip;]\" \/>\n<meta property=\"og:url\" content=\"https:\/\/aneuenca.cat\/es\/politica-de-privacidad\/\" \/>\n<meta property=\"og:site_name\" content=\"Aneuenca\" \/>\n<meta property=\"article:modified_time\" content=\"2021-02-26T09:34:35+00:00\" \/>\n<meta name=\"twitter:card\" content=\"summary_large_image\" \/>\n<meta name=\"twitter:label1\" content=\"Tiempo de lectura\" \/>\n\t<meta name=\"twitter:data1\" content=\"3 minutos\" \/>\n<script type=\"application\/ld+json\" class=\"yoast-schema-graph\">{\"@context\":\"https:\/\/schema.org\",\"@graph\":[{\"@type\":\"WebPage\",\"@id\":\"https:\/\/aneuenca.cat\/es\/politica-de-privacidad\/\",\"url\":\"https:\/\/aneuenca.cat\/es\/politica-de-privacidad\/\",\"name\":\"Pol\u00edtica de Privacidad - Aneuenca\",\"isPartOf\":{\"@id\":\"https:\/\/aneuenca.cat\/es\/#website\"},\"datePublished\":\"2019-04-26T07:45:11+00:00\",\"dateModified\":\"2021-02-26T09:34:35+00:00\",\"breadcrumb\":{\"@id\":\"https:\/\/aneuenca.cat\/es\/politica-de-privacidad\/#breadcrumb\"},\"inLanguage\":\"es\",\"potentialAction\":[{\"@type\":\"ReadAction\",\"target\":[\"https:\/\/aneuenca.cat\/es\/politica-de-privacidad\/\"]}]},{\"@type\":\"BreadcrumbList\",\"@id\":\"https:\/\/aneuenca.cat\/es\/politica-de-privacidad\/#breadcrumb\",\"itemListElement\":[{\"@type\":\"ListItem\",\"position\":1,\"name\":\"Inici\",\"item\":\"https:\/\/aneuenca.cat\/es\/\"},{\"@type\":\"ListItem\",\"position\":2,\"name\":\"Pol\u00edtica de Privacidad\"}]},{\"@type\":\"WebSite\",\"@id\":\"https:\/\/aneuenca.cat\/es\/#website\",\"url\":\"https:\/\/aneuenca.cat\/es\/\",\"name\":\"Aneuenca\",\"description\":\"Forn de Pa | Pastisseria\",\"potentialAction\":[{\"@type\":\"SearchAction\",\"target\":{\"@type\":\"EntryPoint\",\"urlTemplate\":\"https:\/\/aneuenca.cat\/es\/?s={search_term_string}\"},\"query-input\":{\"@type\":\"PropertyValueSpecification\",\"valueRequired\":true,\"valueName\":\"search_term_string\"}}],\"inLanguage\":\"es\"}]}<\/script>\n<!-- \/ Yoast SEO plugin. -->","yoast_head_json":{"title":"Pol\u00edtica de Privacidad - Aneuenca","robots":{"index":"index","follow":"follow","max-snippet":"max-snippet:-1","max-image-preview":"max-image-preview:large","max-video-preview":"max-video-preview:-1"},"canonical":"https:\/\/aneuenca.cat\/es\/politica-de-privacidad\/","og_locale":"es_ES","og_type":"article","og_title":"Pol\u00edtica de Privacidad - Aneuenca","og_description":"Informaci\u00f3n sobre Protecci\u00f3n de Datos Datos relativos al Responsable Responsable Tratamiento &#8211; Entidad: ANTONIO SOLE CASES &#8211; CIF de la entidad: 78072002C &#8211; Direcci\u00f3n de la entidad: AVENIDA JOAQUIM MORELL\u00f3 14 &#8211; (25580) ESTERRI D&#8217;ANEU &#8211; Email de la entidad: HOLA@ANEUENCA.CAT &#8211; Responsable del tratamiento: MONTSERRAT MATO RAMA &#8211; Tel\u00e9fono del Responsable del tratamiento: 973626730 [&hellip;]","og_url":"https:\/\/aneuenca.cat\/es\/politica-de-privacidad\/","og_site_name":"Aneuenca","article_modified_time":"2021-02-26T09:34:35+00:00","twitter_card":"summary_large_image","twitter_misc":{"Tiempo de lectura":"3 minutos"},"schema":{"@context":"https:\/\/schema.org","@graph":[{"@type":"WebPage","@id":"https:\/\/aneuenca.cat\/es\/politica-de-privacidad\/","url":"https:\/\/aneuenca.cat\/es\/politica-de-privacidad\/","name":"Pol\u00edtica de Privacidad - Aneuenca","isPartOf":{"@id":"https:\/\/aneuenca.cat\/es\/#website"},"datePublished":"2019-04-26T07:45:11+00:00","dateModified":"2021-02-26T09:34:35+00:00","breadcrumb":{"@id":"https:\/\/aneuenca.cat\/es\/politica-de-privacidad\/#breadcrumb"},"inLanguage":"es","potentialAction":[{"@type":"ReadAction","target":["https:\/\/aneuenca.cat\/es\/politica-de-privacidad\/"]}]},{"@type":"BreadcrumbList","@id":"https:\/\/aneuenca.cat\/es\/politica-de-privacidad\/#breadcrumb","itemListElement":[{"@type":"ListItem","position":1,"name":"Inici","item":"https:\/\/aneuenca.cat\/es\/"},{"@type":"ListItem","position":2,"name":"Pol\u00edtica de Privacidad"}]},{"@type":"WebSite","@id":"https:\/\/aneuenca.cat\/es\/#website","url":"https:\/\/aneuenca.cat\/es\/","name":"Aneuenca","description":"Forn de Pa | Pastisseria","potentialAction":[{"@type":"SearchAction","target":{"@type":"EntryPoint","urlTemplate":"https:\/\/aneuenca.cat\/es\/?s={search_term_string}"},"query-input":{"@type":"PropertyValueSpecification","valueRequired":true,"valueName":"search_term_string"}}],"inLanguage":"es"}]}},"_links":{"self":[{"href":"https:\/\/aneuenca.cat\/es\/wp-json\/wp\/v2\/pages\/233","targetHints":{"allow":["GET"]}}],"collection":[{"href":"https:\/\/aneuenca.cat\/es\/wp-json\/wp\/v2\/pages"}],"about":[{"href":"https:\/\/aneuenca.cat\/es\/wp-json\/wp\/v2\/types\/page"}],"author":[{"embeddable":true,"href":"https:\/\/aneuenca.cat\/es\/wp-json\/wp\/v2\/users\/3"}],"replies":[{"embeddable":true,"href":"https:\/\/aneuenca.cat\/es\/wp-json\/wp\/v2\/comments?post=233"}],"version-history":[{"count":2,"href":"https:\/\/aneuenca.cat\/es\/wp-json\/wp\/v2\/pages\/233\/revisions"}],"predecessor-version":[{"id":366,"href":"https:\/\/aneuenca.cat\/es\/wp-json\/wp\/v2\/pages\/233\/revisions\/366"}],"wp:attachment":[{"href":"https:\/\/aneuenca.cat\/es\/wp-json\/wp\/v2\/media?parent=233"}],"curies":[{"name":"wp","href":"https:\/\/api.w.org\/{rel}","templated":true}]}}