{"id":179,"date":"2016-10-04T08:17:11","date_gmt":"2016-10-04T08:17:11","guid":{"rendered":"https:\/\/aneuenca.cat\/\/es\/productes\/pastisseria\/"},"modified":"2016-10-06T09:57:21","modified_gmt":"2016-10-06T09:57:21","slug":"pastisseria","status":"publish","type":"page","link":"https:\/\/aneuenca.cat\/es\/productes\/pastisseria\/","title":{"rendered":"Los productos de pasteler\u00eda"},"content":{"rendered":"<div id=\"white-content\" class=\"pull-center team-headings\">\r\n\t\t<div class=\"container\">\r\n\t\t\t<div class=\"row\">\r\n\t\t\t\t<div class=\"span12 column-divider\">\r\n\t\t\t\t\t<span class=\"column-divider-icon pull-left\"><img decoding=\"async\" src=\"https:\/\/aneuenca.cat\/\/wp-content\/uploads\/2016\/10\/work-icon.png\" alt=\"team-icon\" class=\"small-icon-fix\" \/><\/span>\r\n\t\t\t\t\t<h4>Familias de productos<\/h4>\r\n\t\t\t\t<\/div>\r\n\t\t\t<\/div>\r\n\t\t\r\n\t\t\t<div class=\"row\">\r\n\t\t\t\t<div class=\"span4\">\r\n\t\t\t\t\t\r\n\t\t\t\t\t\t<img decoding=\"async\" class=\"img-rounded\" src=\"https:\/\/aneuenca.cat\/\/wp-content\/uploads\/2016\/10\/rocs.jpg\" alt=\"three\" \/>\r\n\t\t\t\t\t\t<h4>Rocs de Sant Maurici<\/h4>\r\n\t\t\t\t\t\r\n\t\t\t\t\t\r\n\t\t\t\t\t<p>Pasta hecha con clara de huevo y almendras que se transportar\u00e1 directo a la naturaleza.<\/p>\r\n\t\t\t\t<\/div>\r\n\t\t\t\t<div class=\"span4  \">\r\n\t\t\t\t\t\r\n\t\t\t\t\t\t<img decoding=\"async\" class=\"img-rounded\" src=\"https:\/\/aneuenca.cat\/\/wp-content\/uploads\/2016\/10\/mones.jpg\" alt=\"three\" \/>\r\n\t\t\t\t\t\t<h4>Monas de Pascua<\/h4>\r\n\t\t\t\t\t\r\n\t\t\t\t\t\r\n\t\t\t\t\t<p>Monas artesanas de nata, trufa, yema y mantequilla con las figuras hechas a mano, con nuestro chocolate seleccionado.<\/p>\r\n\t\t\t\t<\/div>\r\n\t\t\t\t<div class=\"span4  \">\r\n\t\t\t\t\t\r\n\t\t\t\t\t\t<img decoding=\"async\" class=\"img-rounded\" src=\"https:\/\/aneuenca.cat\/\/wp-content\/uploads\/2016\/10\/gelats.jpg\" alt=\"three\" \/>\r\n\t\t\t\t\t\t<h4>Helados<\/h4>\r\n\t\t\t\t\r\n\t\t\t\t\t\r\n\t\t\t\t\t<p>Desde las bolas de nuestro carrito de los helados en las barras de helado pasando por todos los batidos, todo hecho por nosotros.<\/p>\r\n\t\t\t\t<\/div>\r\n\t\t\t<\/div>\r\n\t\t\t\r\n\t\t\t<br>\r\n\t\t\t\r\n\t\t\t<div class=\"row\">\r\n\t\t\t\t\r\n\t\t\t\t<div class=\"span4  \">\r\n\t\t\t\t\t\r\n\t\t\t\t\t\t<img decoding=\"async\" class=\"img-rounded\" src=\"https:\/\/aneuenca.cat\/\/wp-content\/uploads\/2016\/10\/boda.jpg\" alt=\"three\" \/>\r\n\t\t\t\t\t\t<h4>Pasteles de boda<\/h4>\r\n\t\t\t\t\t\r\n\t\t\t\t\t\r\n\t\t\t\t\t<p>Su imaginaci\u00f3n es nuestro l\u00edmite, se hacen todo tipo de pasteles por encargo.<\/p>\r\n\t\t\t\t<\/div>\r\n\t\t\t\t<div class=\"span4  \">\r\n\t\t\t\t\t\r\n\t\t\t\t\t\t<img decoding=\"async\" class=\"img-rounded\" src=\"https:\/\/aneuenca.cat\/\/wp-content\/uploads\/2016\/10\/canapes.jpg\" alt=\"three\" \/>\r\n\t\t\t\t\t\t<h4>Canap\u00e9s<\/h4>\r\n\t\t\t\t\t\r\n\t\t\t\t\t\r\n\t\t\t\t\t<p>Desde canap\u00e9s de salm\u00f3n, de ib\u00e9rico, foie, sobrasada, caviar, queso len, un gran surtido para sus celebraciones.<\/p>\r\n\t\t\t\t<\/div>\r\n                <div class=\"span4  \">\r\n\t\t\t\t\t\r\n\t\t\t\t\t\t<img decoding=\"async\" class=\"img-rounded\" src=\"https:\/\/aneuenca.cat\/\/wp-content\/uploads\/2016\/10\/lioneses.jpg\" alt=\"three\" \/>\r\n\t\t\t\t\t\t<h4>Lionesas<\/h4>\r\n\t\t\t\t\t\r\n\t\t\t\t\t\r\n\t\t\t\t\t<p>Puede encontrar lionesas de nata, trufa y crema siempre por encargo.<\/p>\r\n\t\t\t\t<\/div>\r\n\t\t\t<\/div>\r\n            \r\n            \r\n            <div class=\"row\">\r\n\t\t\t\t\r\n\t\t\t\t\r\n\t\t\t\t<div class=\"span4  \">\r\n\t\t\t\t\t\r\n\t\t\t\t\t\t<img decoding=\"async\" class=\"img-rounded\" src=\"https:\/\/aneuenca.cat\/\/wp-content\/uploads\/2016\/10\/jordi.jpg\" alt=\"three\" \/>\r\n\t\t\t\t\t\t<h4>Pastel de Sant Jordi<\/h4>\r\n\t\t\t\t\t\r\n\t\t\t\t\t\r\n\t\t\t\t\t<p>Por nuestra fiesta, el pan y el pastel de Sant Jordi<p>\r\n\t\t\t\t<\/div>\r\n\t\t\t<\/div>\r\n\r\n\r\n\t\t\t\r\n\t\t<\/div>\r\n\t\t\r\n\t<\/div>","protected":false},"excerpt":{"rendered":"<p>Familias de productos Rocs de Sant Maurici Pasta hecha con clara de huevo y almendras que se transportar\u00e1 directo a la naturaleza. Monas de Pascua Monas artesanas de nata, trufa, yema y mantequilla con las figuras hechas a mano, con nuestro chocolate seleccionado. Helados Desde las bolas de nuestro carrito de los helados en las [&hellip;]<\/p>\n","protected":false},"author":3,"featured_media":0,"parent":167,"menu_order":0,"comment_status":"closed","ping_status":"closed","template":"page-custom.php","meta":{"footnotes":""},"class_list":["post-179","page","type-page","status-publish","hentry"],"yoast_head":"<!-- This site is optimized with the Yoast SEO plugin v26.8 - https:\/\/yoast.com\/product\/yoast-seo-wordpress\/ -->\n<title>Los productos de pasteler\u00eda - Aneuenca<\/title>\n<meta name=\"robots\" content=\"index, follow, max-snippet:-1, max-image-preview:large, max-video-preview:-1\" \/>\n<link rel=\"canonical\" href=\"https:\/\/aneuenca.cat\/es\/productes\/pastisseria\/\" \/>\n<meta property=\"og:locale\" content=\"es_ES\" \/>\n<meta property=\"og:type\" content=\"article\" \/>\n<meta property=\"og:title\" content=\"Los productos de pasteler\u00eda - Aneuenca\" \/>\n<meta property=\"og:description\" content=\"Familias de productos Rocs de Sant Maurici Pasta hecha con clara de huevo y almendras que se transportar\u00e1 directo a la naturaleza. Monas de Pascua Monas artesanas de nata, trufa, yema y mantequilla con las figuras hechas a mano, con nuestro chocolate seleccionado. Helados Desde las bolas de nuestro carrito de los helados en las [&hellip;]\" \/>\n<meta property=\"og:url\" content=\"https:\/\/aneuenca.cat\/es\/productes\/pastisseria\/\" \/>\n<meta property=\"og:site_name\" content=\"Aneuenca\" \/>\n<meta property=\"article:modified_time\" content=\"2016-10-06T09:57:21+00:00\" \/>\n<meta property=\"og:image\" content=\"https:\/\/aneuenca.cat\/\/wp-content\/uploads\/2016\/10\/work-icon.png\" \/>\n<meta name=\"twitter:card\" content=\"summary_large_image\" \/>\n<meta name=\"twitter:label1\" content=\"Tiempo de lectura\" \/>\n\t<meta name=\"twitter:data1\" content=\"1 minuto\" \/>\n<script type=\"application\/ld+json\" class=\"yoast-schema-graph\">{\"@context\":\"https:\/\/schema.org\",\"@graph\":[{\"@type\":\"WebPage\",\"@id\":\"https:\/\/aneuenca.cat\/es\/productes\/pastisseria\/\",\"url\":\"https:\/\/aneuenca.cat\/es\/productes\/pastisseria\/\",\"name\":\"Los productos de pasteler\u00eda - Aneuenca\",\"isPartOf\":{\"@id\":\"https:\/\/aneuenca.cat\/es\/#website\"},\"primaryImageOfPage\":{\"@id\":\"https:\/\/aneuenca.cat\/es\/productes\/pastisseria\/#primaryimage\"},\"image\":{\"@id\":\"https:\/\/aneuenca.cat\/es\/productes\/pastisseria\/#primaryimage\"},\"thumbnailUrl\":\"https:\/\/aneuenca.cat\/\/wp-content\/uploads\/2016\/10\/work-icon.png\",\"datePublished\":\"2016-10-04T08:17:11+00:00\",\"dateModified\":\"2016-10-06T09:57:21+00:00\",\"breadcrumb\":{\"@id\":\"https:\/\/aneuenca.cat\/es\/productes\/pastisseria\/#breadcrumb\"},\"inLanguage\":\"es\",\"potentialAction\":[{\"@type\":\"ReadAction\",\"target\":[\"https:\/\/aneuenca.cat\/es\/productes\/pastisseria\/\"]}]},{\"@type\":\"ImageObject\",\"inLanguage\":\"es\",\"@id\":\"https:\/\/aneuenca.cat\/es\/productes\/pastisseria\/#primaryimage\",\"url\":\"https:\/\/aneuenca.cat\/\/wp-content\/uploads\/2016\/10\/work-icon.png\",\"contentUrl\":\"https:\/\/aneuenca.cat\/\/wp-content\/uploads\/2016\/10\/work-icon.png\"},{\"@type\":\"BreadcrumbList\",\"@id\":\"https:\/\/aneuenca.cat\/es\/productes\/pastisseria\/#breadcrumb\",\"itemListElement\":[{\"@type\":\"ListItem\",\"position\":1,\"name\":\"Inici\",\"item\":\"https:\/\/aneuenca.cat\/es\/\"},{\"@type\":\"ListItem\",\"position\":2,\"name\":\"Productos\",\"item\":\"https:\/\/aneuenca.cat\/es\/productes\/\"},{\"@type\":\"ListItem\",\"position\":3,\"name\":\"Los productos de pasteler\u00eda\"}]},{\"@type\":\"WebSite\",\"@id\":\"https:\/\/aneuenca.cat\/es\/#website\",\"url\":\"https:\/\/aneuenca.cat\/es\/\",\"name\":\"Aneuenca\",\"description\":\"Forn de Pa | Pastisseria\",\"potentialAction\":[{\"@type\":\"SearchAction\",\"target\":{\"@type\":\"EntryPoint\",\"urlTemplate\":\"https:\/\/aneuenca.cat\/es\/?s={search_term_string}\"},\"query-input\":{\"@type\":\"PropertyValueSpecification\",\"valueRequired\":true,\"valueName\":\"search_term_string\"}}],\"inLanguage\":\"es\"}]}<\/script>\n<!-- \/ Yoast SEO plugin. -->","yoast_head_json":{"title":"Los productos de pasteler\u00eda - Aneuenca","robots":{"index":"index","follow":"follow","max-snippet":"max-snippet:-1","max-image-preview":"max-image-preview:large","max-video-preview":"max-video-preview:-1"},"canonical":"https:\/\/aneuenca.cat\/es\/productes\/pastisseria\/","og_locale":"es_ES","og_type":"article","og_title":"Los productos de pasteler\u00eda - Aneuenca","og_description":"Familias de productos Rocs de Sant Maurici Pasta hecha con clara de huevo y almendras que se transportar\u00e1 directo a la naturaleza. Monas de Pascua Monas artesanas de nata, trufa, yema y mantequilla con las figuras hechas a mano, con nuestro chocolate seleccionado. Helados Desde las bolas de nuestro carrito de los helados en las [&hellip;]","og_url":"https:\/\/aneuenca.cat\/es\/productes\/pastisseria\/","og_site_name":"Aneuenca","article_modified_time":"2016-10-06T09:57:21+00:00","og_image":[{"url":"https:\/\/aneuenca.cat\/\/wp-content\/uploads\/2016\/10\/work-icon.png","type":"","width":"","height":""}],"twitter_card":"summary_large_image","twitter_misc":{"Tiempo de lectura":"1 minuto"},"schema":{"@context":"https:\/\/schema.org","@graph":[{"@type":"WebPage","@id":"https:\/\/aneuenca.cat\/es\/productes\/pastisseria\/","url":"https:\/\/aneuenca.cat\/es\/productes\/pastisseria\/","name":"Los productos de pasteler\u00eda - Aneuenca","isPartOf":{"@id":"https:\/\/aneuenca.cat\/es\/#website"},"primaryImageOfPage":{"@id":"https:\/\/aneuenca.cat\/es\/productes\/pastisseria\/#primaryimage"},"image":{"@id":"https:\/\/aneuenca.cat\/es\/productes\/pastisseria\/#primaryimage"},"thumbnailUrl":"https:\/\/aneuenca.cat\/\/wp-content\/uploads\/2016\/10\/work-icon.png","datePublished":"2016-10-04T08:17:11+00:00","dateModified":"2016-10-06T09:57:21+00:00","breadcrumb":{"@id":"https:\/\/aneuenca.cat\/es\/productes\/pastisseria\/#breadcrumb"},"inLanguage":"es","potentialAction":[{"@type":"ReadAction","target":["https:\/\/aneuenca.cat\/es\/productes\/pastisseria\/"]}]},{"@type":"ImageObject","inLanguage":"es","@id":"https:\/\/aneuenca.cat\/es\/productes\/pastisseria\/#primaryimage","url":"https:\/\/aneuenca.cat\/\/wp-content\/uploads\/2016\/10\/work-icon.png","contentUrl":"https:\/\/aneuenca.cat\/\/wp-content\/uploads\/2016\/10\/work-icon.png"},{"@type":"BreadcrumbList","@id":"https:\/\/aneuenca.cat\/es\/productes\/pastisseria\/#breadcrumb","itemListElement":[{"@type":"ListItem","position":1,"name":"Inici","item":"https:\/\/aneuenca.cat\/es\/"},{"@type":"ListItem","position":2,"name":"Productos","item":"https:\/\/aneuenca.cat\/es\/productes\/"},{"@type":"ListItem","position":3,"name":"Los productos de pasteler\u00eda"}]},{"@type":"WebSite","@id":"https:\/\/aneuenca.cat\/es\/#website","url":"https:\/\/aneuenca.cat\/es\/","name":"Aneuenca","description":"Forn de Pa | Pastisseria","potentialAction":[{"@type":"SearchAction","target":{"@type":"EntryPoint","urlTemplate":"https:\/\/aneuenca.cat\/es\/?s={search_term_string}"},"query-input":{"@type":"PropertyValueSpecification","valueRequired":true,"valueName":"search_term_string"}}],"inLanguage":"es"}]}},"_links":{"self":[{"href":"https:\/\/aneuenca.cat\/es\/wp-json\/wp\/v2\/pages\/179","targetHints":{"allow":["GET"]}}],"collection":[{"href":"https:\/\/aneuenca.cat\/es\/wp-json\/wp\/v2\/pages"}],"about":[{"href":"https:\/\/aneuenca.cat\/es\/wp-json\/wp\/v2\/types\/page"}],"author":[{"embeddable":true,"href":"https:\/\/aneuenca.cat\/es\/wp-json\/wp\/v2\/users\/3"}],"replies":[{"embeddable":true,"href":"https:\/\/aneuenca.cat\/es\/wp-json\/wp\/v2\/comments?post=179"}],"version-history":[{"count":2,"href":"https:\/\/aneuenca.cat\/es\/wp-json\/wp\/v2\/pages\/179\/revisions"}],"predecessor-version":[{"id":180,"href":"https:\/\/aneuenca.cat\/es\/wp-json\/wp\/v2\/pages\/179\/revisions\/180"}],"up":[{"embeddable":true,"href":"https:\/\/aneuenca.cat\/es\/wp-json\/wp\/v2\/pages\/167"}],"wp:attachment":[{"href":"https:\/\/aneuenca.cat\/es\/wp-json\/wp\/v2\/media?parent=179"}],"curies":[{"name":"wp","href":"https:\/\/api.w.org\/{rel}","templated":true}]}}