{"id":172,"date":"2016-10-04T08:17:50","date_gmt":"2016-10-04T08:17:50","guid":{"rendered":"https:\/\/aneuenca.cat\/\/es\/productes\/brioixeria\/"},"modified":"2016-10-06T09:47:55","modified_gmt":"2016-10-06T09:47:55","slug":"brioixeria","status":"publish","type":"page","link":"https:\/\/aneuenca.cat\/es\/productes\/brioixeria\/","title":{"rendered":"Los productos de Boller\u00eda"},"content":{"rendered":"<div id=\"white-content\" class=\"pull-center team-headings\">\r\n\t\t<div class=\"container\">\r\n\t\t\t<div class=\"row\">\r\n\t\t\t\t<div class=\"span12 column-divider\">\r\n\t\t\t\t\t<span class=\"column-divider-icon pull-left\"><img decoding=\"async\" src=\"https:\/\/aneuenca.cat\/\/wp-content\/uploads\/2016\/10\/work-icon.png\" alt=\"team-icon\" class=\"small-icon-fix\" \/><\/span>\r\n\t\t\t\t\t<h4>Familias de productos<\/h4>\r\n\t\t\t\t<\/div>\r\n\t\t\t<\/div>\r\n\t\t\r\n\t\t\t<div class=\"row\">\r\n            \t<div class=\"span4  \">\r\n\t\t\t\t\t\r\n\t\t\t\t\t\t<img decoding=\"async\" class=\"img-rounded\" src=\"https:\/\/aneuenca.cat\/\/wp-content\/uploads\/2016\/10\/brioixeria.jpg\" alt=\"three\" \/>\r\n\t\t\t\t\t\t<h4>Boller\u00eda<\/h4>\r\n\t\t\t\t\t\r\n\t\t\t\t\t\r\n\t\t\t\t\t<p>Podr\u00e1n degustar desde nuestros Cruasanes solos o con chocolate que os endulzar\u00e1n el d\u00eda, pasando por las pastas de hojaldre, cabello de \u00e1ngel crema o chuchos crujientes.<\/p>\r\n\t\t\t\t<\/div>\r\n\t\t\t\t<div class=\"span4  \">\r\n\t\t\t\t\t\r\n\t\t\t\t\t\t<img decoding=\"async\" class=\"img-rounded\" src=\"https:\/\/aneuenca.cat\/\/wp-content\/uploads\/2016\/10\/joan.jpg\" alt=\"three\" \/>\r\n\t\t\t\t\t\t<h4>Coca de San Juan<\/h4>\r\n\t\t\t\t\r\n\t\t\t\t\t\r\n\t\t\t\t\t<p>La Coca de San Juan de toda la vida, con nata o crema quemada, qu\u00e9 os gusta mas?<\/p>\r\n\t\t\t\t<\/div><!--\/span 4-->\r\n\t\t\t\t<div class=\"span4 opacity-fade\">\r\n\t\t\t\t\t\r\n\t\t\t\t\t\t<img decoding=\"async\" class=\"img-rounded\" src=\"https:\/\/aneuenca.cat\/\/wp-content\/uploads\/2016\/10\/recapte.jpg\" alt=\"three\" \/>\r\n\t\t\t\t\t\t<h4>Cocas de recapte<\/h4>\r\n\t\t\t\t\t\r\n\t\t\t\t\t\r\n\t\t\t\t\t<p>Verduras con salchich\u00f3n, calabac\u00edn cebolla y arenque, escalibada con anchoas, queso de cabra, jam\u00f3n dulce y queso, at\u00fan con champi\u00f1ones. Y adem\u00e1s por encargo la de salm\u00f3n.<\/p>\r\n\t\t\t\t<\/div>\r\n\t\t\t\t\r\n\t\t\t<\/div>\r\n\t\t\t\r\n\t\t\t<div class=\"row\">\r\n            \t\r\n\t\t\t\t<div class=\"span4 opacity-fade\">\r\n\t\t\t\t\t\r\n\t\t\t\t\t\t<img decoding=\"async\" class=\"img-rounded\" src=\"https:\/\/aneuenca.cat\/\/wp-content\/uploads\/2016\/10\/dolces.jpg\" alt=\"three\" \/>\r\n\t\t\t\t\t\t<h4>Tortas dulces<\/h4>\r\n\t\t\t\t\t\r\n\t\t\t\t\t\r\n\t\t\t\t\t<p>Panadero con huevo, sin huevo, torta de croissant, de vidrio, bollo, rataf\u00eda.<\/p>\r\n\t\t\t\t<\/div>\r\n            <\/div>\r\n\t\t\t\r\n\t\t\t\r\n            \r\n            \r\n            \r\n\r\n\r\n\t\t\t\r\n\t\t<\/div>\r\n\t\t\r\n\t<\/div>","protected":false},"excerpt":{"rendered":"<p>Familias de productos Boller\u00eda Podr\u00e1n degustar desde nuestros Cruasanes solos o con chocolate que os endulzar\u00e1n el d\u00eda, pasando por las pastas de hojaldre, cabello de \u00e1ngel crema o chuchos crujientes. Coca de San Juan La Coca de San Juan de toda la vida, con nata o crema quemada, qu\u00e9 os gusta mas? Cocas de [&hellip;]<\/p>\n","protected":false},"author":3,"featured_media":0,"parent":167,"menu_order":0,"comment_status":"closed","ping_status":"closed","template":"page-custom.php","meta":{"footnotes":""},"class_list":["post-172","page","type-page","status-publish","hentry"],"yoast_head":"<!-- This site is optimized with the Yoast SEO plugin v26.8 - https:\/\/yoast.com\/product\/yoast-seo-wordpress\/ -->\n<title>Los productos de Boller\u00eda - Aneuenca<\/title>\n<meta name=\"robots\" content=\"index, follow, max-snippet:-1, max-image-preview:large, max-video-preview:-1\" \/>\n<link rel=\"canonical\" href=\"https:\/\/aneuenca.cat\/es\/productes\/brioixeria\/\" \/>\n<meta property=\"og:locale\" content=\"es_ES\" \/>\n<meta property=\"og:type\" content=\"article\" \/>\n<meta property=\"og:title\" content=\"Los productos de Boller\u00eda - Aneuenca\" \/>\n<meta property=\"og:description\" content=\"Familias de productos Boller\u00eda Podr\u00e1n degustar desde nuestros Cruasanes solos o con chocolate que os endulzar\u00e1n el d\u00eda, pasando por las pastas de hojaldre, cabello de \u00e1ngel crema o chuchos crujientes. Coca de San Juan La Coca de San Juan de toda la vida, con nata o crema quemada, qu\u00e9 os gusta mas? Cocas de [&hellip;]\" \/>\n<meta property=\"og:url\" content=\"https:\/\/aneuenca.cat\/es\/productes\/brioixeria\/\" \/>\n<meta property=\"og:site_name\" content=\"Aneuenca\" \/>\n<meta property=\"article:modified_time\" content=\"2016-10-06T09:47:55+00:00\" \/>\n<meta property=\"og:image\" content=\"https:\/\/aneuenca.cat\/\/wp-content\/uploads\/2016\/10\/work-icon.png\" \/>\n<meta name=\"twitter:card\" content=\"summary_large_image\" \/>\n<meta name=\"twitter:label1\" content=\"Tiempo de lectura\" \/>\n\t<meta name=\"twitter:data1\" content=\"1 minuto\" \/>\n<script type=\"application\/ld+json\" class=\"yoast-schema-graph\">{\"@context\":\"https:\/\/schema.org\",\"@graph\":[{\"@type\":\"WebPage\",\"@id\":\"https:\/\/aneuenca.cat\/es\/productes\/brioixeria\/\",\"url\":\"https:\/\/aneuenca.cat\/es\/productes\/brioixeria\/\",\"name\":\"Los productos de Boller\u00eda - Aneuenca\",\"isPartOf\":{\"@id\":\"https:\/\/aneuenca.cat\/es\/#website\"},\"primaryImageOfPage\":{\"@id\":\"https:\/\/aneuenca.cat\/es\/productes\/brioixeria\/#primaryimage\"},\"image\":{\"@id\":\"https:\/\/aneuenca.cat\/es\/productes\/brioixeria\/#primaryimage\"},\"thumbnailUrl\":\"https:\/\/aneuenca.cat\/\/wp-content\/uploads\/2016\/10\/work-icon.png\",\"datePublished\":\"2016-10-04T08:17:50+00:00\",\"dateModified\":\"2016-10-06T09:47:55+00:00\",\"breadcrumb\":{\"@id\":\"https:\/\/aneuenca.cat\/es\/productes\/brioixeria\/#breadcrumb\"},\"inLanguage\":\"es\",\"potentialAction\":[{\"@type\":\"ReadAction\",\"target\":[\"https:\/\/aneuenca.cat\/es\/productes\/brioixeria\/\"]}]},{\"@type\":\"ImageObject\",\"inLanguage\":\"es\",\"@id\":\"https:\/\/aneuenca.cat\/es\/productes\/brioixeria\/#primaryimage\",\"url\":\"https:\/\/aneuenca.cat\/\/wp-content\/uploads\/2016\/10\/work-icon.png\",\"contentUrl\":\"https:\/\/aneuenca.cat\/\/wp-content\/uploads\/2016\/10\/work-icon.png\"},{\"@type\":\"BreadcrumbList\",\"@id\":\"https:\/\/aneuenca.cat\/es\/productes\/brioixeria\/#breadcrumb\",\"itemListElement\":[{\"@type\":\"ListItem\",\"position\":1,\"name\":\"Inici\",\"item\":\"https:\/\/aneuenca.cat\/es\/\"},{\"@type\":\"ListItem\",\"position\":2,\"name\":\"Productos\",\"item\":\"https:\/\/aneuenca.cat\/es\/productes\/\"},{\"@type\":\"ListItem\",\"position\":3,\"name\":\"Los productos de Boller\u00eda\"}]},{\"@type\":\"WebSite\",\"@id\":\"https:\/\/aneuenca.cat\/es\/#website\",\"url\":\"https:\/\/aneuenca.cat\/es\/\",\"name\":\"Aneuenca\",\"description\":\"Forn de Pa | Pastisseria\",\"potentialAction\":[{\"@type\":\"SearchAction\",\"target\":{\"@type\":\"EntryPoint\",\"urlTemplate\":\"https:\/\/aneuenca.cat\/es\/?s={search_term_string}\"},\"query-input\":{\"@type\":\"PropertyValueSpecification\",\"valueRequired\":true,\"valueName\":\"search_term_string\"}}],\"inLanguage\":\"es\"}]}<\/script>\n<!-- \/ Yoast SEO plugin. -->","yoast_head_json":{"title":"Los productos de Boller\u00eda - Aneuenca","robots":{"index":"index","follow":"follow","max-snippet":"max-snippet:-1","max-image-preview":"max-image-preview:large","max-video-preview":"max-video-preview:-1"},"canonical":"https:\/\/aneuenca.cat\/es\/productes\/brioixeria\/","og_locale":"es_ES","og_type":"article","og_title":"Los productos de Boller\u00eda - Aneuenca","og_description":"Familias de productos Boller\u00eda Podr\u00e1n degustar desde nuestros Cruasanes solos o con chocolate que os endulzar\u00e1n el d\u00eda, pasando por las pastas de hojaldre, cabello de \u00e1ngel crema o chuchos crujientes. Coca de San Juan La Coca de San Juan de toda la vida, con nata o crema quemada, qu\u00e9 os gusta mas? Cocas de [&hellip;]","og_url":"https:\/\/aneuenca.cat\/es\/productes\/brioixeria\/","og_site_name":"Aneuenca","article_modified_time":"2016-10-06T09:47:55+00:00","og_image":[{"url":"https:\/\/aneuenca.cat\/\/wp-content\/uploads\/2016\/10\/work-icon.png","type":"","width":"","height":""}],"twitter_card":"summary_large_image","twitter_misc":{"Tiempo de lectura":"1 minuto"},"schema":{"@context":"https:\/\/schema.org","@graph":[{"@type":"WebPage","@id":"https:\/\/aneuenca.cat\/es\/productes\/brioixeria\/","url":"https:\/\/aneuenca.cat\/es\/productes\/brioixeria\/","name":"Los productos de Boller\u00eda - Aneuenca","isPartOf":{"@id":"https:\/\/aneuenca.cat\/es\/#website"},"primaryImageOfPage":{"@id":"https:\/\/aneuenca.cat\/es\/productes\/brioixeria\/#primaryimage"},"image":{"@id":"https:\/\/aneuenca.cat\/es\/productes\/brioixeria\/#primaryimage"},"thumbnailUrl":"https:\/\/aneuenca.cat\/\/wp-content\/uploads\/2016\/10\/work-icon.png","datePublished":"2016-10-04T08:17:50+00:00","dateModified":"2016-10-06T09:47:55+00:00","breadcrumb":{"@id":"https:\/\/aneuenca.cat\/es\/productes\/brioixeria\/#breadcrumb"},"inLanguage":"es","potentialAction":[{"@type":"ReadAction","target":["https:\/\/aneuenca.cat\/es\/productes\/brioixeria\/"]}]},{"@type":"ImageObject","inLanguage":"es","@id":"https:\/\/aneuenca.cat\/es\/productes\/brioixeria\/#primaryimage","url":"https:\/\/aneuenca.cat\/\/wp-content\/uploads\/2016\/10\/work-icon.png","contentUrl":"https:\/\/aneuenca.cat\/\/wp-content\/uploads\/2016\/10\/work-icon.png"},{"@type":"BreadcrumbList","@id":"https:\/\/aneuenca.cat\/es\/productes\/brioixeria\/#breadcrumb","itemListElement":[{"@type":"ListItem","position":1,"name":"Inici","item":"https:\/\/aneuenca.cat\/es\/"},{"@type":"ListItem","position":2,"name":"Productos","item":"https:\/\/aneuenca.cat\/es\/productes\/"},{"@type":"ListItem","position":3,"name":"Los productos de Boller\u00eda"}]},{"@type":"WebSite","@id":"https:\/\/aneuenca.cat\/es\/#website","url":"https:\/\/aneuenca.cat\/es\/","name":"Aneuenca","description":"Forn de Pa | Pastisseria","potentialAction":[{"@type":"SearchAction","target":{"@type":"EntryPoint","urlTemplate":"https:\/\/aneuenca.cat\/es\/?s={search_term_string}"},"query-input":{"@type":"PropertyValueSpecification","valueRequired":true,"valueName":"search_term_string"}}],"inLanguage":"es"}]}},"_links":{"self":[{"href":"https:\/\/aneuenca.cat\/es\/wp-json\/wp\/v2\/pages\/172","targetHints":{"allow":["GET"]}}],"collection":[{"href":"https:\/\/aneuenca.cat\/es\/wp-json\/wp\/v2\/pages"}],"about":[{"href":"https:\/\/aneuenca.cat\/es\/wp-json\/wp\/v2\/types\/page"}],"author":[{"embeddable":true,"href":"https:\/\/aneuenca.cat\/es\/wp-json\/wp\/v2\/users\/3"}],"replies":[{"embeddable":true,"href":"https:\/\/aneuenca.cat\/es\/wp-json\/wp\/v2\/comments?post=172"}],"version-history":[{"count":2,"href":"https:\/\/aneuenca.cat\/es\/wp-json\/wp\/v2\/pages\/172\/revisions"}],"predecessor-version":[{"id":173,"href":"https:\/\/aneuenca.cat\/es\/wp-json\/wp\/v2\/pages\/172\/revisions\/173"}],"up":[{"embeddable":true,"href":"https:\/\/aneuenca.cat\/es\/wp-json\/wp\/v2\/pages\/167"}],"wp:attachment":[{"href":"https:\/\/aneuenca.cat\/es\/wp-json\/wp\/v2\/media?parent=172"}],"curies":[{"name":"wp","href":"https:\/\/api.w.org\/{rel}","templated":true}]}}