{"id":160,"date":"2016-10-04T08:15:41","date_gmt":"2016-10-04T08:15:41","guid":{"rendered":"https:\/\/aneuenca.cat\/\/es\/nosaltres\/"},"modified":"2016-10-06T09:39:44","modified_gmt":"2016-10-06T09:39:44","slug":"nosaltres","status":"publish","type":"page","link":"https:\/\/aneuenca.cat\/es\/nosaltres\/","title":{"rendered":"Nosotros"},"content":{"rendered":"\t\r\n\t<div id=\"white-content\">\r\n\t\t<div class=\"container\">\r\n\t\t\t<div class=\"row\">\r\n\t\t\t\t<div class=\"span12\">\r\n\t\t\t\t\t<h1>Tradici\u00f3n familiar<\/h1>\r\n\t\t\t\t\t<p>El abuelo Antonio se traslad\u00f3 a la zona desde Isona en la comarca vecina del Pallars Juss\u00e0, ya que era uno de los tres pueblos de la zona que ten\u00edan una panader\u00eda que estaba temporalmente sin panadero. El horno de pan original \u00abCasa Isona\u00bb abri\u00f3 el d\u00eda 1 de noviembre de 1930 y se encontraba detr\u00e1s de la iglesia, donde ahora est\u00e1 la hamburgueser\u00eda dirigida por una bisnieta de Antonio. Entonces el pan se vend\u00eda en el supermercado de la Calle Mayor, tambi\u00e9n propiedad de la familia Sol\u00e9.<br><br>\r\n\r\nDespu\u00e9s de un incendio en 1970, el horno de pan fue trasladado desde el interior del pueblo a unas nuevas instalaciones al final de la Calle Mayor. Desde 1972, la segunda generaci\u00f3n (tambi\u00e9n Antonio) comenz\u00f3 a hacer algunos pasteles y tortas, principalmente las tradicionales Monas de Pascua y las Tortas de Colecta.<br><br>\r\n<img decoding=\"async\" width=\"100%\" src=\"https:\/\/aneuenca.cat\/\/wp-content\/uploads\/2016\/10\/hist.1.jpg\"\/><br><br>\r\nAhora, el horno de pan est\u00e1 siendo dirigida por la tercera generaci\u00f3n, nieto y maestro panadero (y tambi\u00e9n Antonio de nombre), y el negocio es muy diferente de lo que era originalmente. Desde principios de los a\u00f1os 80 Antonio comenz\u00f3 a producir una gran gama de pasteler\u00eda que se ven\u00eda en el supermercado de la familia en el pueblo. Despu\u00e9s de tomar el relevo de su padre, en 1996 se construy\u00f3 una tienda al lado del horno de pan que estaba abierto durante los meses de verano para vender el pan, las tortas y los pasteles para los vecinos del pueblo y los turistas que visitaban los valles de \u00c0neu por igual.<br><br>\r\n\r\nDespu\u00e9s de extensas renovaciones y ampliaciones, el actual <strong>\u201cGranja l\u2019Aneuenca\u201d<\/strong> se abri\u00f3 a tiempo completo en el verano de 2001.<br><br>\r\n\r\nEl horno de pan es ahora muy diferente de sus or\u00edgenes. Lo que no ha cambiado sin embargo, es la b\u00fasqueda del propietario de la perfecci\u00f3n y la excelencia siguiendo directrices tradicionales de calidad. No en vano Antonio fue uno de los primeros panaderos al recibir el Diploma de Maestro Artesano y la Carta de Artesano Alimentario de la Generalidad de Catalu\u00f1a, mientras que el aneuense fue el primer negocio en recibir la denominaci\u00f3n de Industria Artesana en las comarcas de Lleida.<\/p><br><br>\r\n\t\t\t\t\t<h1>El Horno<\/h1>\r\n                    <p>El horno se inaugur\u00f3 el d\u00eda de todos santo (1\/11) de 1930 y en 1972 se comienza a trabajar la pasteler\u00eda, aunque ya se hac\u00edan algunas cosas de temporada: bollos, coca de recapte con arenques, empanadas de espinacas, tortas de panadero y tortas de fiesta mayor.<br><br>\r\n\r\n \r\n\r\nHoy en d\u00eda se dispone de gran cantidad de especialidades: Tortas dulces y saladas, helados artesanos, pastas de t\u00e9, pasteler\u00eda y boller\u00eda &#8230;<br><br>\r\n\r\n \r\n\r\nUna de las pastas reinas es el llamado <strong> ROC DE SAN MAURICIO <\/strong>, especialidad hecha a base de claras de huevo, az\u00facar y almendra. En cuanto a los pasteles, se trabaja todo tipo de pastel, los tradicionales y tambi\u00e9n alguna especialidad de la casa como el pastel de yogurt o queso con mermelada de ar\u00e1ndanos (producto que da nombre a los valles y que se incorpora a nuestro logo ). Uno de los productos estrella de la casa es el biscuit glac\u00e9 y las bandas de hojaldre con frutas.<br><br>\r\n\r\n \r\n\r\nLa clientela que tenemos es la gente del pueblo, pero dado el peque\u00f1o n\u00famero de habitantes, en verano y en temporadas tur\u00edtiques es cuando m\u00e1s producimos y cuando m\u00e1s surtido podemos tener.<\/p>\r\n\t\t\t\t<\/div>\r\n\t\t\t<\/div>\r\n\t\t\t\r\n\t\t<\/div>\r\n\t\t\r\n\t<\/div>","protected":false},"excerpt":{"rendered":"<p>Tradici\u00f3n familiar El abuelo Antonio se traslad\u00f3 a la zona desde Isona en la comarca vecina del Pallars Juss\u00e0, ya que era uno de los tres pueblos de la zona que ten\u00edan una panader\u00eda que estaba temporalmente sin panadero. El horno de pan original \u00abCasa Isona\u00bb abri\u00f3 el d\u00eda 1 de noviembre de 1930 y [&hellip;]<\/p>\n","protected":false},"author":3,"featured_media":0,"parent":0,"menu_order":0,"comment_status":"closed","ping_status":"closed","template":"page-custom.php","meta":{"footnotes":""},"class_list":["post-160","page","type-page","status-publish","hentry"],"yoast_head":"<!-- This site is optimized with the Yoast SEO plugin v26.8 - https:\/\/yoast.com\/product\/yoast-seo-wordpress\/ -->\n<title>Nosotros - Aneuenca<\/title>\n<meta name=\"robots\" content=\"index, follow, max-snippet:-1, max-image-preview:large, max-video-preview:-1\" \/>\n<link rel=\"canonical\" href=\"https:\/\/aneuenca.cat\/es\/nosaltres\/\" \/>\n<meta property=\"og:locale\" content=\"es_ES\" \/>\n<meta property=\"og:type\" content=\"article\" \/>\n<meta property=\"og:title\" content=\"Nosotros - Aneuenca\" \/>\n<meta property=\"og:description\" content=\"Tradici\u00f3n familiar El abuelo Antonio se traslad\u00f3 a la zona desde Isona en la comarca vecina del Pallars Juss\u00e0, ya que era uno de los tres pueblos de la zona que ten\u00edan una panader\u00eda que estaba temporalmente sin panadero. El horno de pan original \u00abCasa Isona\u00bb abri\u00f3 el d\u00eda 1 de noviembre de 1930 y [&hellip;]\" \/>\n<meta property=\"og:url\" content=\"https:\/\/aneuenca.cat\/es\/nosaltres\/\" \/>\n<meta property=\"og:site_name\" content=\"Aneuenca\" \/>\n<meta property=\"article:modified_time\" content=\"2016-10-06T09:39:44+00:00\" \/>\n<meta property=\"og:image\" content=\"https:\/\/aneuenca.cat\/\/wp-content\/uploads\/2016\/10\/hist.1.jpg\" \/>\n<meta name=\"twitter:card\" content=\"summary_large_image\" \/>\n<meta name=\"twitter:label1\" content=\"Tiempo de lectura\" \/>\n\t<meta name=\"twitter:data1\" content=\"3 minutos\" \/>\n<script type=\"application\/ld+json\" class=\"yoast-schema-graph\">{\"@context\":\"https:\/\/schema.org\",\"@graph\":[{\"@type\":\"WebPage\",\"@id\":\"https:\/\/aneuenca.cat\/es\/nosaltres\/\",\"url\":\"https:\/\/aneuenca.cat\/es\/nosaltres\/\",\"name\":\"Nosotros - Aneuenca\",\"isPartOf\":{\"@id\":\"https:\/\/aneuenca.cat\/es\/#website\"},\"primaryImageOfPage\":{\"@id\":\"https:\/\/aneuenca.cat\/es\/nosaltres\/#primaryimage\"},\"image\":{\"@id\":\"https:\/\/aneuenca.cat\/es\/nosaltres\/#primaryimage\"},\"thumbnailUrl\":\"https:\/\/aneuenca.cat\/\/wp-content\/uploads\/2016\/10\/hist.1.jpg\",\"datePublished\":\"2016-10-04T08:15:41+00:00\",\"dateModified\":\"2016-10-06T09:39:44+00:00\",\"breadcrumb\":{\"@id\":\"https:\/\/aneuenca.cat\/es\/nosaltres\/#breadcrumb\"},\"inLanguage\":\"es\",\"potentialAction\":[{\"@type\":\"ReadAction\",\"target\":[\"https:\/\/aneuenca.cat\/es\/nosaltres\/\"]}]},{\"@type\":\"ImageObject\",\"inLanguage\":\"es\",\"@id\":\"https:\/\/aneuenca.cat\/es\/nosaltres\/#primaryimage\",\"url\":\"https:\/\/aneuenca.cat\/\/wp-content\/uploads\/2016\/10\/hist.1.jpg\",\"contentUrl\":\"https:\/\/aneuenca.cat\/\/wp-content\/uploads\/2016\/10\/hist.1.jpg\"},{\"@type\":\"BreadcrumbList\",\"@id\":\"https:\/\/aneuenca.cat\/es\/nosaltres\/#breadcrumb\",\"itemListElement\":[{\"@type\":\"ListItem\",\"position\":1,\"name\":\"Inici\",\"item\":\"https:\/\/aneuenca.cat\/es\/\"},{\"@type\":\"ListItem\",\"position\":2,\"name\":\"Nosotros\"}]},{\"@type\":\"WebSite\",\"@id\":\"https:\/\/aneuenca.cat\/es\/#website\",\"url\":\"https:\/\/aneuenca.cat\/es\/\",\"name\":\"Aneuenca\",\"description\":\"Forn de Pa | Pastisseria\",\"potentialAction\":[{\"@type\":\"SearchAction\",\"target\":{\"@type\":\"EntryPoint\",\"urlTemplate\":\"https:\/\/aneuenca.cat\/es\/?s={search_term_string}\"},\"query-input\":{\"@type\":\"PropertyValueSpecification\",\"valueRequired\":true,\"valueName\":\"search_term_string\"}}],\"inLanguage\":\"es\"}]}<\/script>\n<!-- \/ Yoast SEO plugin. -->","yoast_head_json":{"title":"Nosotros - Aneuenca","robots":{"index":"index","follow":"follow","max-snippet":"max-snippet:-1","max-image-preview":"max-image-preview:large","max-video-preview":"max-video-preview:-1"},"canonical":"https:\/\/aneuenca.cat\/es\/nosaltres\/","og_locale":"es_ES","og_type":"article","og_title":"Nosotros - Aneuenca","og_description":"Tradici\u00f3n familiar El abuelo Antonio se traslad\u00f3 a la zona desde Isona en la comarca vecina del Pallars Juss\u00e0, ya que era uno de los tres pueblos de la zona que ten\u00edan una panader\u00eda que estaba temporalmente sin panadero. El horno de pan original \u00abCasa Isona\u00bb abri\u00f3 el d\u00eda 1 de noviembre de 1930 y [&hellip;]","og_url":"https:\/\/aneuenca.cat\/es\/nosaltres\/","og_site_name":"Aneuenca","article_modified_time":"2016-10-06T09:39:44+00:00","og_image":[{"url":"https:\/\/aneuenca.cat\/\/wp-content\/uploads\/2016\/10\/hist.1.jpg","type":"","width":"","height":""}],"twitter_card":"summary_large_image","twitter_misc":{"Tiempo de lectura":"3 minutos"},"schema":{"@context":"https:\/\/schema.org","@graph":[{"@type":"WebPage","@id":"https:\/\/aneuenca.cat\/es\/nosaltres\/","url":"https:\/\/aneuenca.cat\/es\/nosaltres\/","name":"Nosotros - Aneuenca","isPartOf":{"@id":"https:\/\/aneuenca.cat\/es\/#website"},"primaryImageOfPage":{"@id":"https:\/\/aneuenca.cat\/es\/nosaltres\/#primaryimage"},"image":{"@id":"https:\/\/aneuenca.cat\/es\/nosaltres\/#primaryimage"},"thumbnailUrl":"https:\/\/aneuenca.cat\/\/wp-content\/uploads\/2016\/10\/hist.1.jpg","datePublished":"2016-10-04T08:15:41+00:00","dateModified":"2016-10-06T09:39:44+00:00","breadcrumb":{"@id":"https:\/\/aneuenca.cat\/es\/nosaltres\/#breadcrumb"},"inLanguage":"es","potentialAction":[{"@type":"ReadAction","target":["https:\/\/aneuenca.cat\/es\/nosaltres\/"]}]},{"@type":"ImageObject","inLanguage":"es","@id":"https:\/\/aneuenca.cat\/es\/nosaltres\/#primaryimage","url":"https:\/\/aneuenca.cat\/\/wp-content\/uploads\/2016\/10\/hist.1.jpg","contentUrl":"https:\/\/aneuenca.cat\/\/wp-content\/uploads\/2016\/10\/hist.1.jpg"},{"@type":"BreadcrumbList","@id":"https:\/\/aneuenca.cat\/es\/nosaltres\/#breadcrumb","itemListElement":[{"@type":"ListItem","position":1,"name":"Inici","item":"https:\/\/aneuenca.cat\/es\/"},{"@type":"ListItem","position":2,"name":"Nosotros"}]},{"@type":"WebSite","@id":"https:\/\/aneuenca.cat\/es\/#website","url":"https:\/\/aneuenca.cat\/es\/","name":"Aneuenca","description":"Forn de Pa | Pastisseria","potentialAction":[{"@type":"SearchAction","target":{"@type":"EntryPoint","urlTemplate":"https:\/\/aneuenca.cat\/es\/?s={search_term_string}"},"query-input":{"@type":"PropertyValueSpecification","valueRequired":true,"valueName":"search_term_string"}}],"inLanguage":"es"}]}},"_links":{"self":[{"href":"https:\/\/aneuenca.cat\/es\/wp-json\/wp\/v2\/pages\/160","targetHints":{"allow":["GET"]}}],"collection":[{"href":"https:\/\/aneuenca.cat\/es\/wp-json\/wp\/v2\/pages"}],"about":[{"href":"https:\/\/aneuenca.cat\/es\/wp-json\/wp\/v2\/types\/page"}],"author":[{"embeddable":true,"href":"https:\/\/aneuenca.cat\/es\/wp-json\/wp\/v2\/users\/3"}],"replies":[{"embeddable":true,"href":"https:\/\/aneuenca.cat\/es\/wp-json\/wp\/v2\/comments?post=160"}],"version-history":[{"count":2,"href":"https:\/\/aneuenca.cat\/es\/wp-json\/wp\/v2\/pages\/160\/revisions"}],"predecessor-version":[{"id":162,"href":"https:\/\/aneuenca.cat\/es\/wp-json\/wp\/v2\/pages\/160\/revisions\/162"}],"wp:attachment":[{"href":"https:\/\/aneuenca.cat\/es\/wp-json\/wp\/v2\/media?parent=160"}],"curies":[{"name":"wp","href":"https:\/\/api.w.org\/{rel}","templated":true}]}}