{"id":151,"date":"2016-10-04T08:11:30","date_gmt":"2016-10-04T08:11:30","guid":{"rendered":"https:\/\/aneuenca.cat\/\/es\/inici\/"},"modified":"2016-10-07T06:54:11","modified_gmt":"2016-10-07T06:54:11","slug":"inici","status":"publish","type":"page","link":"https:\/\/aneuenca.cat\/es\/","title":{"rendered":"INICIO"},"content":{"rendered":"<div id=\"orange-hero\">\r\n\t\t<div class=\"container\">\r\n\t\t\t<div id=\"myCarousel\" class=\"carousel slide\">\r\n\t\t\t\t\r\n\t\t\t\t<div class=\"carousel-inner\">\r\n\t\t\t\t\t<div class=\"item\">\r\n\t\t\t\t\t\t<div class=\"pull-left span5 slides-home\">\r\n\t\t\t\t\t\t\r\n\t\t\t\t\t\t<h2>Bienvenidos al Horno de Pan y Pasteler\u00eda <strong>Aneuenca<\/strong>.<\/h2>\r\n                        <h3>Calidad y tradici\u00f3n familiar desde 1930.<\/h3>\r\n\t\t\t\t\t\t<p>Desde el a\u00f1o 1930 la familia Sol\u00e9 han sido los panaderos del pueblo de Esterri d&#8217;\u00c0neu. Actualmente, el horno de pan est\u00e1 siendo dirigida por la tercera generaci\u00f3n, nieto y maestro panadero, y el negocio es muy diferente de lo que era originalmente.<br> \r\n\t\t\t\t\t\tAhora se hornea una gran gama de panes artesanos, desde el baguette hasta panes especiales para cada ocasi\u00f3n, as\u00ed como productos de pasteler\u00eda de alta calidad.<\/p>\r\n\t\t\t\t\t<br>\r\n\t\t\t\t\t\r\n\t\t\t\t\t<\/div>\r\n\t\t\t\t\t<div class=\"pull-right span6\">\r\n\t\t\t\t\t<img decoding=\"async\" src=\"https:\/\/aneuenca.cat\/\/wp-content\/uploads\/2016\/10\/slide3.png\" alt=\"slide1\" \/>\r\n\t\t\t\t\t<\/div>\r\n\t\t\t\t\t\r\n\t\t\t\t\t<\/div>\r\n\t\t\t\t\t<div class=\"item\"><img decoding=\"async\" src=\"https:\/\/aneuenca.cat\/\/wp-content\/uploads\/2016\/10\/slide4.png\" alt=\"slide1\" \/><\/div>\r\n\t\t\t\t\t<div class=\"active item\"><img decoding=\"async\" src=\"https:\/\/aneuenca.cat\/\/wp-content\/uploads\/2016\/10\/slide2.png\" alt=\"slide1\" \/><\/div>\r\n\t\t\t\t<\/div>\r\n\t\t\t\t\r\n\t\t\t\t\r\n\t\t\t<\/div>\r\n\t\t\t\r\n\t\t\t<a class=\"carousel-control-home-left left\" href=\"#myCarousel\" data-slide=\"prev\"><\/a>\r\n\t\t\t<a class=\"carousel-control-home-right right\" href=\"#myCarousel\" data-slide=\"next\"><\/a>\r\n\t\t\t\r\n\t\t<\/div>\r\n\t<\/div>\r\n\t\r\n\t<div id=\"grey-content\" class=\"greyhome\">\r\n\t\t<div class=\"container\">\r\n\t\t\t<div class=\"row\">\r\n\t\t\t\t<div class=\"span6home featured-boxes\">\r\n\t\t\t\t\t<div style=\"float:left;\"><img decoding=\"async\" src=\"https:\/\/aneuenca.cat\/\/wp-content\/uploads\/2016\/10\/qualitat.png\" width=\"85%\"  \/><\/div>\r\n\t\t\t\t\t<h4>Producto de calidad.<\/h4>\r\n\t\t\t\t\t<p>Nuestros productos est\u00e1n elaborados cuidando al m\u00e1ximo tanto el origen como la calidad de la materia prima.<\/p>\r\n\t\t\t\t<\/div><!--\/span 6-->\r\n\t\t\t\t<div class=\"span6home featured-boxes\">\r\n                <div style=\"float:left;\"><img decoding=\"async\" src=\"https:\/\/aneuenca.cat\/\/wp-content\/uploads\/2016\/10\/experiencia.png\" width=\"85%\"  \/><\/div>\r\n\t\t\t\t\t\r\n\t\t\t\t\t<h4>Experiencia.<\/h4>\r\n\t\t\t\t\t<p>M\u00e1s de 80 a\u00f1os avalan nuestro trabajo diario. Las t\u00e9cnicas y algunos artilugios nos ayudan, pero la esencia y el sabor, son marca de la casa.<\/p>\r\n\t\t\t\t<\/div><!--\/span 6-->\r\n\t\t\t\t<div class=\"span6home featured-boxes\">\r\n\t\t\t\t\t<div style=\"float:left;\"><img decoding=\"async\" src=\"https:\/\/aneuenca.cat\/\/wp-content\/uploads\/2016\/10\/tradicio.png\" width=\"85%\"  \/><\/div>\r\n\t\t\t\t\t<h4>Tradici\u00f3n.<\/h4>\r\n\t\t\t\t\t<p>No queremos desconectar de los que nos han llevado hasta aqu\u00ed, y tampoco volver la cara a las t\u00e9cnicas de nuestros antepasados. Productos como los Rocs de San Mauricio as\u00ed lo demuestran.<\/p>\r\n\t\t\t\t<\/div><!--\/span 6-->\r\n\t\t\t\t<div class=\"span6home featured-boxes\">\r\n\t\t\t\t\t<div style=\"float:left;\"><img decoding=\"async\" src=\"https:\/\/aneuenca.cat\/\/wp-content\/uploads\/2016\/10\/innovacio.png\" width=\"85%\"  \/><\/div>\r\n\t\t\t\t\t<h4>Innovaci\u00f3n.<\/h4>\r\n\t\t\t\t\t<p>Las celebraciones de hoy en d\u00eda necesitan originalidad y nuevos gustos. Dentro de nuestro horno hay nacen ideas vez innovadoras y dulces, muy dulces!<\/p>\r\n\t\t\t\t<\/div>\r\n\t\t\t<\/div>\r\n\t\t<\/div>\r\n\t<\/div>\r\n\t<div id=\"call-out\">\r\n\t\t<div class=\"container\">\r\n\t\t\t<h2 style=\"text-align:center;\">Disfrute de la calidad de nuestros productos, siempre reci\u00e9n hechos y con la mejor materia prima.<\/h2>\r\n\t\t\t\r\n\t\t<\/div>\r\n\t<\/div>\r\n\t<div id=\"white-home-blog\">\r\n\t\t<div class=\"container\">\r\n\t\t\t<div class=\"row\">\r\n\t\t\t\t<div class=\"span12 column-divider\">\r\n\t\t\t\t\t<span class=\"column-divider-icon pull-left home-icon-fix\"><i class=\"icon-bookmark\"><\/i><\/span>\r\n\t\t\t\t\t<h4>Servicios<\/h4>\r\n\t\t\t\t<\/div>\r\n\t\t\t<\/div>\r\n\t\t\r\n\t\t\t<div class=\"row home-news\">\r\n\t\t\t\t<div class=\"span4 opacity-fade\">\r\n\t\t\t\t\t\r\n\t\t\t\t\t\t<img decoding=\"async\" class=\"img-rounded\" src=\"https:\/\/aneuenca.cat\/\/wp-content\/uploads\/2016\/10\/forn.jpg\" alt=\"three\" \/>\r\n\t\t\t\t\t\t<h4>Horno de Pan<\/h4>\r\n\t\t\t\t\t\r\n\t\t\t\t\t\r\n\t\t\t\t\t<p>Horno de pan con la certificaci\u00f3n de industria artesana, departamento de agricultura ganader\u00eda y pesca y diploma de maestro artesano que certifica nuestra calidad.<\/p>\r\n\t\t\t\t<\/div>\r\n\t\t\t\t<div class=\"span4 opacity-fade\">\r\n\t\t\t\t\t\r\n\t\t\t\t\t\t<img decoding=\"async\" class=\"img-rounded\" src=\"https:\/\/aneuenca.cat\/\/wp-content\/uploads\/2016\/10\/pastiss.jpg\" alt=\"three\" \/>\r\n\t\t\t\t\t\t<h4>Pastisseria<\/h4>\r\n\t\t\t\t\r\n\t\t\t\t\t\r\n\t\t\t\t\t<p>Continuamos con la pasteler\u00eda diaria, bajo nuestras formas artesanas, el gusto es lo que importa.<\/p>\r\n\t\t\t\t<\/div>\r\n\t\t\t\t<div class=\"span4 opacity-fade\">\r\n\t\t\t\t\r\n\t\t\t\t\t\t<img decoding=\"async\" class=\"img-rounded\" src=\"https:\/\/aneuenca.cat\/\/wp-content\/uploads\/2016\/10\/granja.jpg\" alt=\"three\" \/>\r\n\t\t\t\t\t\t<h4>Granja<\/h4>\r\n\t\t\t\t\r\n\t\t\t\t\t\r\n\t\t\t\t\t<p>Espacio para degustar nuestros productos hechos diariamente.<\/p>\r\n\t\t\t\t<\/div>\r\n\t\t\t<\/div>\r\n\t\t<\/div>\r\n\t<\/div>","protected":false},"excerpt":{"rendered":"<p>Bienvenidos al Horno de Pan y Pasteler\u00eda Aneuenca. Calidad y tradici\u00f3n familiar desde 1930. Desde el a\u00f1o 1930 la familia Sol\u00e9 han sido los panaderos del pueblo de Esterri d&#8217;\u00c0neu. Actualmente, el horno de pan est\u00e1 siendo dirigida por la tercera generaci\u00f3n, nieto y maestro panadero, y el negocio es muy diferente de lo que [&hellip;]<\/p>\n","protected":false},"author":3,"featured_media":0,"parent":0,"menu_order":0,"comment_status":"closed","ping_status":"closed","template":"page-custom4.php","meta":{"footnotes":""},"class_list":["post-151","page","type-page","status-publish","hentry"],"yoast_head":"<!-- This site is optimized with the Yoast SEO plugin v26.8 - https:\/\/yoast.com\/product\/yoast-seo-wordpress\/ -->\n<title>INICIO - Aneuenca<\/title>\n<meta name=\"robots\" content=\"index, follow, max-snippet:-1, max-image-preview:large, max-video-preview:-1\" \/>\n<link rel=\"canonical\" href=\"https:\/\/aneuenca.cat\/es\/\" \/>\n<meta property=\"og:locale\" content=\"es_ES\" \/>\n<meta property=\"og:type\" content=\"article\" \/>\n<meta property=\"og:title\" content=\"INICIO - Aneuenca\" \/>\n<meta property=\"og:description\" content=\"Bienvenidos al Horno de Pan y Pasteler\u00eda Aneuenca. Calidad y tradici\u00f3n familiar desde 1930. Desde el a\u00f1o 1930 la familia Sol\u00e9 han sido los panaderos del pueblo de Esterri d&#8217;\u00c0neu. Actualmente, el horno de pan est\u00e1 siendo dirigida por la tercera generaci\u00f3n, nieto y maestro panadero, y el negocio es muy diferente de lo que [&hellip;]\" \/>\n<meta property=\"og:url\" content=\"https:\/\/aneuenca.cat\/es\/\" \/>\n<meta property=\"og:site_name\" content=\"Aneuenca\" \/>\n<meta property=\"article:modified_time\" content=\"2016-10-07T06:54:11+00:00\" \/>\n<meta property=\"og:image\" content=\"https:\/\/aneuenca.cat\/\/wp-content\/uploads\/2016\/10\/slide3.png\" \/>\n<meta name=\"twitter:card\" content=\"summary_large_image\" \/>\n<meta name=\"twitter:label1\" content=\"Tiempo de lectura\" \/>\n\t<meta name=\"twitter:data1\" content=\"1 minuto\" \/>\n<script type=\"application\/ld+json\" class=\"yoast-schema-graph\">{\"@context\":\"https:\/\/schema.org\",\"@graph\":[{\"@type\":\"WebPage\",\"@id\":\"https:\/\/aneuenca.cat\/es\/\",\"url\":\"https:\/\/aneuenca.cat\/es\/\",\"name\":\"INICIO - Aneuenca\",\"isPartOf\":{\"@id\":\"https:\/\/aneuenca.cat\/es\/#website\"},\"primaryImageOfPage\":{\"@id\":\"https:\/\/aneuenca.cat\/es\/#primaryimage\"},\"image\":{\"@id\":\"https:\/\/aneuenca.cat\/es\/#primaryimage\"},\"thumbnailUrl\":\"https:\/\/aneuenca.cat\/\/wp-content\/uploads\/2016\/10\/slide3.png\",\"datePublished\":\"2016-10-04T08:11:30+00:00\",\"dateModified\":\"2016-10-07T06:54:11+00:00\",\"breadcrumb\":{\"@id\":\"https:\/\/aneuenca.cat\/es\/#breadcrumb\"},\"inLanguage\":\"es\",\"potentialAction\":[{\"@type\":\"ReadAction\",\"target\":[\"https:\/\/aneuenca.cat\/es\/\"]}]},{\"@type\":\"ImageObject\",\"inLanguage\":\"es\",\"@id\":\"https:\/\/aneuenca.cat\/es\/#primaryimage\",\"url\":\"https:\/\/aneuenca.cat\/\/wp-content\/uploads\/2016\/10\/slide3.png\",\"contentUrl\":\"https:\/\/aneuenca.cat\/\/wp-content\/uploads\/2016\/10\/slide3.png\"},{\"@type\":\"BreadcrumbList\",\"@id\":\"https:\/\/aneuenca.cat\/es\/#breadcrumb\",\"itemListElement\":[{\"@type\":\"ListItem\",\"position\":1,\"name\":\"Inici\",\"item\":\"https:\/\/aneuenca.cat\/es\/\"},{\"@type\":\"ListItem\",\"position\":2,\"name\":\"INICIO\"}]},{\"@type\":\"WebSite\",\"@id\":\"https:\/\/aneuenca.cat\/es\/#website\",\"url\":\"https:\/\/aneuenca.cat\/es\/\",\"name\":\"Aneuenca\",\"description\":\"Forn de Pa | Pastisseria\",\"potentialAction\":[{\"@type\":\"SearchAction\",\"target\":{\"@type\":\"EntryPoint\",\"urlTemplate\":\"https:\/\/aneuenca.cat\/es\/?s={search_term_string}\"},\"query-input\":{\"@type\":\"PropertyValueSpecification\",\"valueRequired\":true,\"valueName\":\"search_term_string\"}}],\"inLanguage\":\"es\"}]}<\/script>\n<!-- \/ Yoast SEO plugin. -->","yoast_head_json":{"title":"INICIO - Aneuenca","robots":{"index":"index","follow":"follow","max-snippet":"max-snippet:-1","max-image-preview":"max-image-preview:large","max-video-preview":"max-video-preview:-1"},"canonical":"https:\/\/aneuenca.cat\/es\/","og_locale":"es_ES","og_type":"article","og_title":"INICIO - Aneuenca","og_description":"Bienvenidos al Horno de Pan y Pasteler\u00eda Aneuenca. Calidad y tradici\u00f3n familiar desde 1930. Desde el a\u00f1o 1930 la familia Sol\u00e9 han sido los panaderos del pueblo de Esterri d&#8217;\u00c0neu. Actualmente, el horno de pan est\u00e1 siendo dirigida por la tercera generaci\u00f3n, nieto y maestro panadero, y el negocio es muy diferente de lo que [&hellip;]","og_url":"https:\/\/aneuenca.cat\/es\/","og_site_name":"Aneuenca","article_modified_time":"2016-10-07T06:54:11+00:00","og_image":[{"url":"https:\/\/aneuenca.cat\/\/wp-content\/uploads\/2016\/10\/slide3.png","type":"","width":"","height":""}],"twitter_card":"summary_large_image","twitter_misc":{"Tiempo de lectura":"1 minuto"},"schema":{"@context":"https:\/\/schema.org","@graph":[{"@type":"WebPage","@id":"https:\/\/aneuenca.cat\/es\/","url":"https:\/\/aneuenca.cat\/es\/","name":"INICIO - Aneuenca","isPartOf":{"@id":"https:\/\/aneuenca.cat\/es\/#website"},"primaryImageOfPage":{"@id":"https:\/\/aneuenca.cat\/es\/#primaryimage"},"image":{"@id":"https:\/\/aneuenca.cat\/es\/#primaryimage"},"thumbnailUrl":"https:\/\/aneuenca.cat\/\/wp-content\/uploads\/2016\/10\/slide3.png","datePublished":"2016-10-04T08:11:30+00:00","dateModified":"2016-10-07T06:54:11+00:00","breadcrumb":{"@id":"https:\/\/aneuenca.cat\/es\/#breadcrumb"},"inLanguage":"es","potentialAction":[{"@type":"ReadAction","target":["https:\/\/aneuenca.cat\/es\/"]}]},{"@type":"ImageObject","inLanguage":"es","@id":"https:\/\/aneuenca.cat\/es\/#primaryimage","url":"https:\/\/aneuenca.cat\/\/wp-content\/uploads\/2016\/10\/slide3.png","contentUrl":"https:\/\/aneuenca.cat\/\/wp-content\/uploads\/2016\/10\/slide3.png"},{"@type":"BreadcrumbList","@id":"https:\/\/aneuenca.cat\/es\/#breadcrumb","itemListElement":[{"@type":"ListItem","position":1,"name":"Inici","item":"https:\/\/aneuenca.cat\/es\/"},{"@type":"ListItem","position":2,"name":"INICIO"}]},{"@type":"WebSite","@id":"https:\/\/aneuenca.cat\/es\/#website","url":"https:\/\/aneuenca.cat\/es\/","name":"Aneuenca","description":"Forn de Pa | Pastisseria","potentialAction":[{"@type":"SearchAction","target":{"@type":"EntryPoint","urlTemplate":"https:\/\/aneuenca.cat\/es\/?s={search_term_string}"},"query-input":{"@type":"PropertyValueSpecification","valueRequired":true,"valueName":"search_term_string"}}],"inLanguage":"es"}]}},"_links":{"self":[{"href":"https:\/\/aneuenca.cat\/es\/wp-json\/wp\/v2\/pages\/151","targetHints":{"allow":["GET"]}}],"collection":[{"href":"https:\/\/aneuenca.cat\/es\/wp-json\/wp\/v2\/pages"}],"about":[{"href":"https:\/\/aneuenca.cat\/es\/wp-json\/wp\/v2\/types\/page"}],"author":[{"embeddable":true,"href":"https:\/\/aneuenca.cat\/es\/wp-json\/wp\/v2\/users\/3"}],"replies":[{"embeddable":true,"href":"https:\/\/aneuenca.cat\/es\/wp-json\/wp\/v2\/comments?post=151"}],"version-history":[{"count":3,"href":"https:\/\/aneuenca.cat\/es\/wp-json\/wp\/v2\/pages\/151\/revisions"}],"predecessor-version":[{"id":158,"href":"https:\/\/aneuenca.cat\/es\/wp-json\/wp\/v2\/pages\/151\/revisions\/158"}],"wp:attachment":[{"href":"https:\/\/aneuenca.cat\/es\/wp-json\/wp\/v2\/media?parent=151"}],"curies":[{"name":"wp","href":"https:\/\/api.w.org\/{rel}","templated":true}]}}